{"id":3,"date":"2020-01-28T15:30:54","date_gmt":"2020-01-28T15:30:54","guid":{"rendered":"https:\/\/biocomenergia.com\/?page_id=3"},"modified":"2020-04-07T13:09:52","modified_gmt":"2020-04-07T13:09:52","slug":"politica-privacidad","status":"publish","type":"page","link":"https:\/\/biocomenergia.com\/en\/politica-privacidad\/","title":{"rendered":"Pol\u00edtica de privacidad"},"content":{"rendered":"<div id=\"themify_builder_content-3\" data-postid=\"3\" class=\"themify_builder_content themify_builder_content-3 themify_builder\">\n    \t<!-- module_row -->\n\t<div  class=\"themify_builder_row module_row clearfix module_row_0 themify_builder_3_row module_row_3-0 tb_ctx5618\">\n\t    \t    <div class=\"row_inner col_align_top\" >\n\t\t\t<div  class=\"module_column tb-column col-full first tb_3_column module_column_0 module_column_3-0-0 tb_rhto619\">\n\t    \t    \t        <div class=\"tb-column-inner\">\n\t\t    <!-- module text -->\n<div  class=\"module module-text tb_iuob765\">\n            <div  class=\"tb_text_wrap\">\n    <h2><strong>POL\u00cdTICA DE PRIVACIDAD DEL SITIO WEB<\/strong><\/h2>\n<p>\u00a0<\/p>\n<p>De conformidad con las previsiones de la legalidad vigente en lo que respecta al tratamiento de datos personales <strong>GRUPO NUOVA SESAC<\/strong>, integrado por <strong>Nuova Sesac, S.L.<\/strong>, <strong>Grupo GA Alimentaria &amp; Ingredientes S.L.<\/strong> (Gracomsa Alimentaria S.A., Doccas Food, S.L.) y <strong>Selev Biogroup S.L.<\/strong> (Selev Pet Industry S.L., Mavaser S.L., Remittel 2017, S.L., Teva Tank, S.L., Biocom Energ\u00eda S.L., Biocom Cuenca S.L.)<\/p>\n<p>\u00a0<\/p>\n<p>Se compromete a adoptar las medidas t\u00e9cnicas y organizativas necesarias, seg\u00fan el nivel de seguridad adecuado al riesgo de los datos recogidos y tratados, respetando:<\/p>\n<p>\u00a0<\/p>\n<ul>\n<li>el Reglamento (UE) 2016\/679 del Parlamento Europeo y del Consejo, de 27 de abril de 2016, relativo a la protecci\u00f3n de las personas f\u00edsicas<\/li>\n<li>Ley Org\u00e1nica 15\/1999, de 13 de diciembre, de Protecci\u00f3n de Datos de Car\u00e1cter Personal<\/li>\n<li>Real Decreto 1720\/2007, de 21 de diciembre, por el que se aprueba el Reglamento de desarrollo de la Ley Org\u00e1nica 15\/1999, de 13 de diciembre, de protecci\u00f3n de datos de car\u00e1cter personal.<\/li>\n<li>Ley 34\/2002, de 11 de julio, de servicios de la sociedad de la informaci\u00f3n y de comercio electr\u00f3nico.<\/li>\n<\/ul>\n<p>\u00a0<\/p>\n<h3>\u00bfQui\u00e9n es el Responsable del tratamiento de tus datos?<\/h3>\n<p>\u00a0<\/p>\n<p><em>Identidad<\/em>:<\/p>\n<p>\u00a0<\/p>\n<p><strong>Nuova Sesac, S.L.<\/strong><\/p>\n<p>B98262348<\/p>\n<p>Direcci\u00f3n Postal: C\/P\u00e9rez Ll\u00e1cer 10 6 Pta 2 Alfafar 46910 (Valencia)<br \/>Centralita Telef\u00f3nica: 96 127 04 00<br \/>Contacto DPD: <a href=\"mailto:dpd@nuovasesac.com\">dpd@nuovasesac.com<\/a><\/p>\n<p>\u00a0<\/p>\n<p><strong>GA Alimentaria &amp; Alimentaria S.L.<\/strong><strong> B40627747:<\/strong><\/p>\n<p>\u00a0<\/p>\n<p>Gracomsa Alimentaria S.A.\u00a0\u00a0\u00a0\u00a0\u00a0\u00a0\u00a0\u00a0\u00a0\u00a0 A46185906<\/p>\n<p>Doccas Food, S.L.\u00a0\u00a0\u00a0\u00a0\u00a0\u00a0\u00a0\u00a0\u00a0\u00a0\u00a0\u00a0\u00a0\u00a0\u00a0\u00a0\u00a0\u00a0\u00a0\u00a0\u00a0\u00a0\u00a0\u00a0\u00a0\u00a0 B98244441<\/p>\n<p>Anker Food S.L.\u00a0\u00a0\u00a0\u00a0\u00a0\u00a0\u00a0\u00a0\u00a0\u00a0\u00a0\u00a0\u00a0\u00a0\u00a0\u00a0\u00a0\u00a0\u00a0\u00a0\u00a0\u00a0\u00a0\u00a0\u00a0\u00a0\u00a0\u00a0\u00a0\u00a0\u00a0 B40634768<\/p>\n<p>\u00a0<\/p>\n<p><strong>Selev Biogroup S.L. <\/strong><strong>B40627762:<\/strong><\/p>\n<p>\u00a0<\/p>\n<p>Selev Pet Industry S.L.\u00a0\u00a0\u00a0\u00a0\u00a0\u00a0\u00a0\u00a0\u00a0\u00a0\u00a0\u00a0\u00a0\u00a0\u00a0\u00a0\u00a0\u00a0\u00a0\u00a0\u00a0 B46062071<\/p>\n<p>Mavaser S.L.\u00a0\u00a0\u00a0\u00a0\u00a0\u00a0\u00a0\u00a0\u00a0\u00a0\u00a0\u00a0\u00a0\u00a0\u00a0\u00a0\u00a0\u00a0\u00a0\u00a0\u00a0\u00a0\u00a0\u00a0\u00a0\u00a0\u00a0\u00a0\u00a0\u00a0\u00a0\u00a0\u00a0\u00a0\u00a0\u00a0 B97393540<\/p>\n<p>Remittel 2017, S.L.\u00a0\u00a0\u00a0\u00a0\u00a0\u00a0\u00a0\u00a0\u00a0\u00a0\u00a0\u00a0\u00a0\u00a0\u00a0\u00a0\u00a0\u00a0\u00a0\u00a0\u00a0\u00a0\u00a0\u00a0\u00a0\u00a0\u00a0 B98906100<\/p>\n<p>Teva Tank, S.L.\u00a0\u00a0\u00a0\u00a0\u00a0\u00a0\u00a0\u00a0\u00a0\u00a0\u00a0\u00a0\u00a0\u00a0\u00a0\u00a0\u00a0\u00a0\u00a0\u00a0\u00a0\u00a0\u00a0\u00a0\u00a0\u00a0\u00a0\u00a0\u00a0\u00a0\u00a0\u00a0\u00a0 B97077127<\/p>\n<p>Biocom Energ\u00eda S.L.\u00a0\u00a0\u00a0\u00a0\u00a0\u00a0\u00a0\u00a0\u00a0\u00a0\u00a0\u00a0\u00a0\u00a0\u00a0\u00a0\u00a0\u00a0\u00a0\u00a0\u00a0\u00a0\u00a0 B97526008<\/p>\n<p>Biocom Cuenca S.L.\u00a0\u00a0\u00a0\u00a0\u00a0\u00a0\u00a0\u00a0\u00a0\u00a0\u00a0\u00a0\u00a0\u00a0\u00a0\u00a0\u00a0\u00a0\u00a0\u00a0\u00a0\u00a0 B98743461<\/p>\n<p>\u00a0<\/p>\n<p><strong><u>1. \u00bfCon qu\u00e9 finalidades tratamos sus datos?<\/u><\/strong><\/p>\n<p>\u00a0<\/p>\n<p>Las sociedades del <strong>Grupo Nuova Sesac<\/strong> tratar\u00e1n la informaci\u00f3n con la finalidad de participar en procesos de selecci\u00f3n y cobertura de vacantes profesionales ajustadas a su perfil de cualquiera de las sociedades que componen el <strong>Grupo Nuova Sesac.<\/strong><\/p>\n<p>\u00a0<\/p>\n<p>Los datos personales pertenecientes a los registros o correos indicados anteriormente, no ser\u00e1n comunicados a terceras entidades ajenas a las sociedades de <strong>Grupo Nuova Sesac<\/strong>.<\/p>\n<p>\u00a0<\/p>\n<h3><strong><u>2. \u00bfCu\u00e1nto tiempo conservaremos tus datos?<\/u><\/strong><\/h3>\n<p>\u00a0<\/p>\n<p>Los datos personales proporcionados para el fin descrito se conservar\u00e1n 1 a\u00f1o desde la fecha de recepci\u00f3n de tu curr\u00edculum vitae y resto de documentaci\u00f3n asociada que nos facilites.<\/p>\n<p>\u00a0<\/p>\n<h3><strong><u>3. \u00bfPor qu\u00e9 podemos tratar tus datos?<\/u><\/strong><\/h3>\n<p>\u00a0<\/p>\n<p>Porque son necesarios para el desarrollo del proceso de selecci\u00f3n, derivado de su solicitud de trabajo, para lo que resulta imprescindible tratar los datos curriculares.<\/p>\n<p>\u00a0<\/p>\n<p>As\u00ed pues, las operaciones de tratamiento llevadas a cabo por las sociedades de <strong>Grupo Nuova Sesac<\/strong> se basan principalmente en el consentimiento prestado al facilitarnos tus datos curriculares.<\/p>\n<p>\u00a0<\/p>\n<p>En cualquier caso, nos aseguraremos de que la legalidad del tratamiento se garantice de conformidad con las normas de protecci\u00f3n de datos aplicables (incluida como decimos la recopilaci\u00f3n de consentimiento si es necesario).<\/p>\n<p>\u00a0<\/p>\n<h3><strong><u>4. Derechos que te asisten al facilitarnos los datos<\/u><\/strong><\/h3>\n<p>\u00a0<\/p>\n<p>Cualquier persona puede conocer si las distintas sociedades de <strong>Grupo Nuova Sesac<\/strong> est\u00e1n tratando datos personales que le conciernen, o no. Igualmente, las personas interesadas tienen derecho a solicitar la rectificaci\u00f3n de los datos inexactos o, en su caso, solicitar su supresi\u00f3n cuando, entre otros motivos, los datos ya no sean necesarios para los fines que fueron recogidos.<\/p>\n<p>\u00a0<\/p>\n<p>Cualquier persona podr\u00e1 igualmente solicitar \u2013cuando concurran las circunstancias\u2013, la limitaci\u00f3n del tratamiento de sus datos; en cuyo caso los conservaremos para el ejercicio o defensa de reclamaciones. Finalmente, cualquier persona podr\u00e1 \u2013siempre que t\u00e9cnicamente sea posible\u2013, solicitar el derecho a la portabilidad de sus datos a un tercero por \u00e9l designado.<\/p>\n<p>\u00a0<\/p>\n<p>En todo caso, y para facilitar la comprensi\u00f3n de los derechos, este es el cuadro resumen de los mismos:<\/p>\n<p>\u00a0<\/p>\n<p><strong>CUADRO RESUMEN DE LOS DERECHOS<\/strong><\/p>\n<p>\u00a0<\/p>\n<table width=\"593\">\n<tbody>\n<tr>\n<td width=\"90\"><strong>Derecho<\/strong><\/td>\n<td width=\"267\"><strong>\u00bfQu\u00e9 puedo hacer?<\/strong><\/td>\n<td width=\"236\"><strong>Canal para ejercerlo<\/strong><\/td>\n<\/tr>\n<tr>\n<td width=\"90\">Acceso<\/td>\n<td width=\"267\">Podr\u00e1s consultar tus datos personales incluidos en las bases de datos o ficheros de las sociedades de Grupo Nuova Sesac<\/td>\n<td rowspan=\"6\" width=\"236\">Nuova Sesac, S.L.\n<p>B98262348<\/p>\n<p>Direcci\u00f3n Postal: C\/P\u00e9rez Ll\u00e1cer 10 6 Pta 2 Alfafar 46910 (Valencia)<\/p>\n<p>Centralita Telef\u00f3nica: 96 127 04 00<br \/>Contacto DPD: <a href=\"mailto:dpd@nuovasesac.com\">dpd@nuovasesac.com<\/a><\/p>\n<p>\u00a0<\/p>\n<\/td>\n<\/tr>\n<tr>\n<td width=\"90\">Rectificaci\u00f3n<\/td>\n<td width=\"267\">Podr\u00e1s solicitar la modificaci\u00f3n de tus datos personales cuando lo desees, o siempre que no sean exactos.<\/td>\n<\/tr>\n<tr>\n<td width=\"90\">Supresi\u00f3n<\/td>\n<td width=\"267\">Podr\u00e1s solicitar la eliminaci\u00f3n o supresi\u00f3n de tus datos personales<\/td>\n<\/tr>\n<tr>\n<td width=\"90\">Oposici\u00f3n<\/td>\n<td width=\"267\">Podr\u00e1s solicitar que no tratemos tus datos para fines concretos siempre que las circunstancias lo permitan.<\/td>\n<\/tr>\n<tr>\n<td width=\"90\">Limitaci\u00f3n<\/td>\n<td width=\"267\">Podr\u00e1s solicitar la limitaci\u00f3n al tratamiento de tus datos en los siguientes casos:\n<ul>\n<li>Cuando el tratamiento sea il\u00edcito, lo que nos obligar\u00eda a borrar tus datos, pero se opone a la supresi\u00f3n los mismos.<\/li>\n<li>Si las sociedades de Grupo Nuova Sesac no necesitan tratar tus datos, pero los necesitas para el ejercicio o la defensa de reclamaciones.<\/li>\n<li>Si has ejercido los derechos de rectificaci\u00f3n u oposici\u00f3n y estamos en proceso de determinar la atenci\u00f3n de dicha solicitud.<\/li>\n<\/ul>\n<\/td>\n<\/tr>\n<tr>\n<td width=\"90\">Portabilidad\n<p>\u00a0<\/p>\n<\/td>\n<td width=\"267\">Mediante este derecho podr\u00e1s recibir, en formato electr\u00f3nico, los datos personales que nos hayas facilitado y aquellos que se han obtenido de tu relaci\u00f3n contractual con las sociedades de Grupo Nuova Sesac. Tambi\u00e9n podr\u00e1s solicitar que sean transmitidos a otra entidad directamente.\n<p>\u00a0<\/p>\n<\/td>\n<\/tr>\n<tr>\n<td colspan=\"3\" width=\"593\">Podr\u00e1s hacernos llegar cualquier inquietud o sugerencia respecto del tratamiento de tus datos personales a la direcci\u00f3n <a href=\"mailto:dpd@nuovasesac.com\">dpd@nuovasesac.com<\/a><u><br \/><\/u>Igualmente podr\u00e1s acudir directamente a la Autoridad de Control (Agencia Espa\u00f1ola de Protecci\u00f3n de datos) a trav\u00e9s de su p\u00e1gina web <a href=\"http:\/\/www.agpd.es\">www.agpd.es<\/a><\/td>\n<\/tr>\n<tr>\n<td colspan=\"3\" width=\"593\">El ejercicio de cualquiera de los derechos requiere que acredites tu identidad pudiendo al efecto:\n<ul>\n<li>Acompa\u00f1ar a la solicitud una copia del DNI<\/li>\n<li>Acompa\u00f1ar a la solicitud una copia de documento equivalente al DNI que acredite su identidad (p.ej. Pasaporte).<\/li>\n<\/ul>\n<\/td>\n<\/tr>\n<\/tbody>\n<\/table>    <\/div>\n<\/div>\n<!-- \/module text -->\n\t        <\/div>\n\t    \t<\/div>\n\t\t    <\/div>\n\t    <!-- \/row_inner -->\n\t<\/div>\n\t<!-- \/module_row -->\n\t<\/div>\n\n<!-- AddThis Advanced Settings generic via filter on the_content --><!-- AddThis Share Buttons generic via filter on the_content -->","protected":false},"excerpt":{"rendered":"<p>POL\u00cdTICA DE PRIVACIDAD DEL SITIO WEB \u00a0 De conformidad con las previsiones de la legalidad vigente en lo que respecta al tratamiento de datos personales GRUPO NUOVA SESAC, integrado por Nuova Sesac, S.L., Grupo GA Alimentaria &amp; Ingredientes S.L. (Gracomsa Alimentaria S.A., Doccas Food, S.L.) y Selev Biogroup S.L. (Selev Pet Industry S.L., Mavaser S.L., [&hellip;]<!-- AddThis Advanced Settings generic via filter on get_the_excerpt --><!-- AddThis Share Buttons generic via filter on get_the_excerpt --><\/p>","protected":false},"author":1,"featured_media":0,"parent":0,"menu_order":0,"comment_status":"closed","ping_status":"closed","template":"","meta":[],"yoast_head":"<!-- This site is optimized with the Yoast SEO plugin v16.0.2 - https:\/\/yoast.com\/wordpress\/plugins\/seo\/ -->\n<title>Pol\u00edtica de privacidad - Biocom<\/title>\n<meta name=\"robots\" content=\"index, follow, max-snippet:-1, max-image-preview:large, max-video-preview:-1\" \/>\n<link rel=\"canonical\" href=\"https:\/\/biocomenergia.com\/politica-privacidad\/\" \/>\n<meta property=\"og:locale\" content=\"en_GB\" \/>\n<meta property=\"og:type\" content=\"article\" \/>\n<meta property=\"og:title\" content=\"Pol\u00edtica de privacidad - Biocom\" \/>\n<meta property=\"og:description\" content=\"POL\u00cdTICA DE PRIVACIDAD DEL SITIO WEB \u00a0 De conformidad con las previsiones de la legalidad vigente en lo que respecta al tratamiento de datos personales GRUPO NUOVA SESAC, integrado por Nuova Sesac, S.L., Grupo GA Alimentaria &amp; Ingredientes S.L. (Gracomsa Alimentaria S.A., Doccas Food, S.L.) y Selev Biogroup S.L. (Selev Pet Industry S.L., Mavaser S.L., [&hellip;]\" \/>\n<meta property=\"og:url\" content=\"https:\/\/biocomenergia.com\/politica-privacidad\/\" \/>\n<meta property=\"og:site_name\" content=\"Biocom\" \/>\n<meta property=\"article:modified_time\" content=\"2020-04-07T13:09:52+00:00\" \/>\n<meta name=\"twitter:card\" content=\"summary_large_image\" \/>\n<meta name=\"twitter:label1\" content=\"Estimated reading time\">\n\t<meta name=\"twitter:data1\" content=\"5 minutes\">\n<script type=\"application\/ld+json\" class=\"yoast-schema-graph\">{\"@context\":\"https:\/\/schema.org\",\"@graph\":[{\"@type\":\"WebSite\",\"@id\":\"https:\/\/biocomenergia.com\/#website\",\"url\":\"https:\/\/biocomenergia.com\/\",\"name\":\"Biocom\",\"description\":\"Pura responsabilidad\",\"potentialAction\":[{\"@type\":\"SearchAction\",\"target\":\"https:\/\/biocomenergia.com\/?s={search_term_string}\",\"query-input\":\"required name=search_term_string\"}],\"inLanguage\":\"en-GB\"},{\"@type\":\"WebPage\",\"@id\":\"https:\/\/biocomenergia.com\/politica-privacidad\/#webpage\",\"url\":\"https:\/\/biocomenergia.com\/politica-privacidad\/\",\"name\":\"Pol\\u00edtica de privacidad - Biocom\",\"isPartOf\":{\"@id\":\"https:\/\/biocomenergia.com\/#website\"},\"datePublished\":\"2020-01-28T15:30:54+00:00\",\"dateModified\":\"2020-04-07T13:09:52+00:00\",\"breadcrumb\":{\"@id\":\"https:\/\/biocomenergia.com\/politica-privacidad\/#breadcrumb\"},\"inLanguage\":\"en-GB\",\"potentialAction\":[{\"@type\":\"ReadAction\",\"target\":[\"https:\/\/biocomenergia.com\/politica-privacidad\/\"]}]},{\"@type\":\"BreadcrumbList\",\"@id\":\"https:\/\/biocomenergia.com\/politica-privacidad\/#breadcrumb\",\"itemListElement\":[{\"@type\":\"ListItem\",\"position\":1,\"item\":{\"@type\":\"WebPage\",\"@id\":\"https:\/\/biocomenergia.com\/\",\"url\":\"https:\/\/biocomenergia.com\/\",\"name\":\"Portada\"}},{\"@type\":\"ListItem\",\"position\":2,\"item\":{\"@type\":\"WebPage\",\"@id\":\"https:\/\/biocomenergia.com\/politica-privacidad\/\",\"url\":\"https:\/\/biocomenergia.com\/politica-privacidad\/\",\"name\":\"Pol\\u00edtica de privacidad\"}}]}]}<\/script>\n<!-- \/ Yoast SEO plugin. -->","builder_content":"<h2><strong>POL\u00cdTICA DE PRIVACIDAD DEL SITIO WEB<\/strong><\/h2> <p>\u00a0<\/p> <p>De conformidad con las previsiones de la legalidad vigente en lo que respecta al tratamiento de datos personales <strong>GRUPO NUOVA SESAC<\/strong>, integrado por <strong>Nuova Sesac, S.L.<\/strong>, <strong>Grupo GA Alimentaria &amp; Ingredientes S.L.<\/strong> (Gracomsa Alimentaria S.A., Doccas Food, S.L.) y <strong>Selev Biogroup S.L.<\/strong> (Selev Pet Industry S.L., Mavaser S.L., Remittel 2017, S.L., Teva Tank, S.L., Biocom Energ\u00eda S.L., Biocom Cuenca S.L.)<\/p> <p>\u00a0<\/p> <p>Se compromete a adoptar las medidas t\u00e9cnicas y organizativas necesarias, seg\u00fan el nivel de seguridad adecuado al riesgo de los datos recogidos y tratados, respetando:<\/p> <p>\u00a0<\/p> <ul> <li>el Reglamento (UE) 2016\/679 del Parlamento Europeo y del Consejo, de 27 de abril de 2016, relativo a la protecci\u00f3n de las personas f\u00edsicas<\/li> <li>Ley Org\u00e1nica 15\/1999, de 13 de diciembre, de Protecci\u00f3n de Datos de Car\u00e1cter Personal<\/li> <li>Real Decreto 1720\/2007, de 21 de diciembre, por el que se aprueba el Reglamento de desarrollo de la Ley Org\u00e1nica 15\/1999, de 13 de diciembre, de protecci\u00f3n de datos de car\u00e1cter personal.<\/li> <li>Ley 34\/2002, de 11 de julio, de servicios de la sociedad de la informaci\u00f3n y de comercio electr\u00f3nico.<\/li> <\/ul> <p>\u00a0<\/p> <h3>\u00bfQui\u00e9n es el Responsable del tratamiento de tus datos?<\/h3> <p>\u00a0<\/p> <p><em>Identidad<\/em>:<\/p> <p>\u00a0<\/p> <p><strong>Nuova Sesac, S.L.<\/strong><\/p> <p>B98262348<\/p> <p>Direcci\u00f3n Postal: C\/P\u00e9rez Ll\u00e1cer 10 6 Pta 2 Alfafar 46910 (Valencia)<br \/>Centralita Telef\u00f3nica: 96 127 04 00<br \/>Contacto DPD: <a href=\"mailto:dpd@nuovasesac.com\">dpd@nuovasesac.com<\/a><\/p> <p>\u00a0<\/p> <p><strong>GA Alimentaria &amp; Alimentaria S.L.<\/strong><strong> B40627747:<\/strong><\/p> <p>\u00a0<\/p> <p>Gracomsa Alimentaria S.A.\u00a0\u00a0\u00a0\u00a0\u00a0\u00a0\u00a0\u00a0\u00a0\u00a0 A46185906<\/p> <p>Doccas Food, S.L.\u00a0\u00a0\u00a0\u00a0\u00a0\u00a0\u00a0\u00a0\u00a0\u00a0\u00a0\u00a0\u00a0\u00a0\u00a0\u00a0\u00a0\u00a0\u00a0\u00a0\u00a0\u00a0\u00a0\u00a0\u00a0\u00a0 B98244441<\/p> <p>Anker Food S.L.\u00a0\u00a0\u00a0\u00a0\u00a0\u00a0\u00a0\u00a0\u00a0\u00a0\u00a0\u00a0\u00a0\u00a0\u00a0\u00a0\u00a0\u00a0\u00a0\u00a0\u00a0\u00a0\u00a0\u00a0\u00a0\u00a0\u00a0\u00a0\u00a0\u00a0\u00a0 B40634768<\/p> <p>\u00a0<\/p> <p><strong>Selev Biogroup S.L. <\/strong><strong>B40627762:<\/strong><\/p> <p>\u00a0<\/p> <p>Selev Pet Industry S.L.\u00a0\u00a0\u00a0\u00a0\u00a0\u00a0\u00a0\u00a0\u00a0\u00a0\u00a0\u00a0\u00a0\u00a0\u00a0\u00a0\u00a0\u00a0\u00a0\u00a0\u00a0 B46062071<\/p> <p>Mavaser S.L.\u00a0\u00a0\u00a0\u00a0\u00a0\u00a0\u00a0\u00a0\u00a0\u00a0\u00a0\u00a0\u00a0\u00a0\u00a0\u00a0\u00a0\u00a0\u00a0\u00a0\u00a0\u00a0\u00a0\u00a0\u00a0\u00a0\u00a0\u00a0\u00a0\u00a0\u00a0\u00a0\u00a0\u00a0\u00a0\u00a0 B97393540<\/p> <p>Remittel 2017, S.L.\u00a0\u00a0\u00a0\u00a0\u00a0\u00a0\u00a0\u00a0\u00a0\u00a0\u00a0\u00a0\u00a0\u00a0\u00a0\u00a0\u00a0\u00a0\u00a0\u00a0\u00a0\u00a0\u00a0\u00a0\u00a0\u00a0\u00a0 B98906100<\/p> <p>Teva Tank, S.L.\u00a0\u00a0\u00a0\u00a0\u00a0\u00a0\u00a0\u00a0\u00a0\u00a0\u00a0\u00a0\u00a0\u00a0\u00a0\u00a0\u00a0\u00a0\u00a0\u00a0\u00a0\u00a0\u00a0\u00a0\u00a0\u00a0\u00a0\u00a0\u00a0\u00a0\u00a0\u00a0\u00a0 B97077127<\/p> <p>Biocom Energ\u00eda S.L.\u00a0\u00a0\u00a0\u00a0\u00a0\u00a0\u00a0\u00a0\u00a0\u00a0\u00a0\u00a0\u00a0\u00a0\u00a0\u00a0\u00a0\u00a0\u00a0\u00a0\u00a0\u00a0\u00a0 B97526008<\/p> <p>Biocom Cuenca S.L.\u00a0\u00a0\u00a0\u00a0\u00a0\u00a0\u00a0\u00a0\u00a0\u00a0\u00a0\u00a0\u00a0\u00a0\u00a0\u00a0\u00a0\u00a0\u00a0\u00a0\u00a0\u00a0 B98743461<\/p> <p>\u00a0<\/p> <p><strong><u>1. \u00bfCon qu\u00e9 finalidades tratamos sus datos?<\/u><\/strong><\/p> <p>\u00a0<\/p> <p>Las sociedades del <strong>Grupo Nuova Sesac<\/strong> tratar\u00e1n la informaci\u00f3n con la finalidad de participar en procesos de selecci\u00f3n y cobertura de vacantes profesionales ajustadas a su perfil de cualquiera de las sociedades que componen el <strong>Grupo Nuova Sesac.<\/strong><\/p> <p>\u00a0<\/p> <p>Los datos personales pertenecientes a los registros o correos indicados anteriormente, no ser\u00e1n comunicados a terceras entidades ajenas a las sociedades de <strong>Grupo Nuova Sesac<\/strong>.<\/p> <p>\u00a0<\/p> <h3><strong><u>2. \u00bfCu\u00e1nto tiempo conservaremos tus datos?<\/u><\/strong><\/h3> <p>\u00a0<\/p> <p>Los datos personales proporcionados para el fin descrito se conservar\u00e1n 1 a\u00f1o desde la fecha de recepci\u00f3n de tu curr\u00edculum vitae y resto de documentaci\u00f3n asociada que nos facilites.<\/p> <p>\u00a0<\/p> <h3><strong><u>3. \u00bfPor qu\u00e9 podemos tratar tus datos?<\/u><\/strong><\/h3> <p>\u00a0<\/p> <p>Porque son necesarios para el desarrollo del proceso de selecci\u00f3n, derivado de su solicitud de trabajo, para lo que resulta imprescindible tratar los datos curriculares.<\/p> <p>\u00a0<\/p> <p>As\u00ed pues, las operaciones de tratamiento llevadas a cabo por las sociedades de <strong>Grupo Nuova Sesac<\/strong> se basan principalmente en el consentimiento prestado al facilitarnos tus datos curriculares.<\/p> <p>\u00a0<\/p> <p>En cualquier caso, nos aseguraremos de que la legalidad del tratamiento se garantice de conformidad con las normas de protecci\u00f3n de datos aplicables (incluida como decimos la recopilaci\u00f3n de consentimiento si es necesario).<\/p> <p>\u00a0<\/p> <h3><strong><u>4. Derechos que te asisten al facilitarnos los datos<\/u><\/strong><\/h3> <p>\u00a0<\/p> <p>Cualquier persona puede conocer si las distintas sociedades de <strong>Grupo Nuova Sesac<\/strong> est\u00e1n tratando datos personales que le conciernen, o no. Igualmente, las personas interesadas tienen derecho a solicitar la rectificaci\u00f3n de los datos inexactos o, en su caso, solicitar su supresi\u00f3n cuando, entre otros motivos, los datos ya no sean necesarios para los fines que fueron recogidos.<\/p> <p>\u00a0<\/p> <p>Cualquier persona podr\u00e1 igualmente solicitar \u2013cuando concurran las circunstancias\u2013, la limitaci\u00f3n del tratamiento de sus datos; en cuyo caso los conservaremos para el ejercicio o defensa de reclamaciones. Finalmente, cualquier persona podr\u00e1 \u2013siempre que t\u00e9cnicamente sea posible\u2013, solicitar el derecho a la portabilidad de sus datos a un tercero por \u00e9l designado.<\/p> <p>\u00a0<\/p> <p>En todo caso, y para facilitar la comprensi\u00f3n de los derechos, este es el cuadro resumen de los mismos:<\/p> <p>\u00a0<\/p> <p><strong>CUADRO RESUMEN DE LOS DERECHOS<\/strong><\/p> <p>\u00a0<\/p> <table width=\"593\"> <tbody> <tr> <td width=\"90\"><strong>Derecho<\/strong><\/td> <td width=\"267\"><strong>\u00bfQu\u00e9 puedo hacer?<\/strong><\/td> <td width=\"236\"><strong>Canal para ejercerlo<\/strong><\/td> <\/tr> <tr> <td width=\"90\">Acceso<\/td> <td width=\"267\">Podr\u00e1s consultar tus datos personales incluidos en las bases de datos o ficheros de las sociedades de Grupo Nuova Sesac<\/td> <td rowspan=\"6\" width=\"236\">Nuova Sesac, S.L. <p>B98262348<\/p> <p>Direcci\u00f3n Postal: C\/P\u00e9rez Ll\u00e1cer 10 6 Pta 2 Alfafar 46910 (Valencia)<\/p> <p>Centralita Telef\u00f3nica: 96 127 04 00<br \/>Contacto DPD: <a href=\"mailto:dpd@nuovasesac.com\">dpd@nuovasesac.com<\/a><\/p> <p>\u00a0<\/p> <\/td> <\/tr> <tr> <td width=\"90\">Rectificaci\u00f3n<\/td> <td width=\"267\">Podr\u00e1s solicitar la modificaci\u00f3n de tus datos personales cuando lo desees, o siempre que no sean exactos.<\/td> <\/tr> <tr> <td width=\"90\">Supresi\u00f3n<\/td> <td width=\"267\">Podr\u00e1s solicitar la eliminaci\u00f3n o supresi\u00f3n de tus datos personales<\/td> <\/tr> <tr> <td width=\"90\">Oposici\u00f3n<\/td> <td width=\"267\">Podr\u00e1s solicitar que no tratemos tus datos para fines concretos siempre que las circunstancias lo permitan.<\/td> <\/tr> <tr> <td width=\"90\">Limitaci\u00f3n<\/td> <td width=\"267\">Podr\u00e1s solicitar la limitaci\u00f3n al tratamiento de tus datos en los siguientes casos: <ul> <li>Cuando el tratamiento sea il\u00edcito, lo que nos obligar\u00eda a borrar tus datos, pero se opone a la supresi\u00f3n los mismos.<\/li> <li>Si las sociedades de Grupo Nuova Sesac no necesitan tratar tus datos, pero los necesitas para el ejercicio o la defensa de reclamaciones.<\/li> <li>Si has ejercido los derechos de rectificaci\u00f3n u oposici\u00f3n y estamos en proceso de determinar la atenci\u00f3n de dicha solicitud.<\/li> <\/ul> <\/td> <\/tr> <tr> <td width=\"90\">Portabilidad <p>\u00a0<\/p> <\/td> <td width=\"267\">Mediante este derecho podr\u00e1s recibir, en formato electr\u00f3nico, los datos personales que nos hayas facilitado y aquellos que se han obtenido de tu relaci\u00f3n contractual con las sociedades de Grupo Nuova Sesac. Tambi\u00e9n podr\u00e1s solicitar que sean transmitidos a otra entidad directamente. <p>\u00a0<\/p> <\/td> <\/tr> <tr> <td colspan=\"3\" width=\"593\">Podr\u00e1s hacernos llegar cualquier inquietud o sugerencia respecto del tratamiento de tus datos personales a la direcci\u00f3n <a href=\"mailto:dpd@nuovasesac.com\">dpd@nuovasesac.com<\/a><u><br \/><\/u>Igualmente podr\u00e1s acudir directamente a la Autoridad de Control (Agencia Espa\u00f1ola de Protecci\u00f3n de datos) a trav\u00e9s de su p\u00e1gina web <a href=\"http:\/\/www.agpd.es\">www.agpd.es<\/a><\/td> <\/tr> <tr> <td colspan=\"3\" width=\"593\">El ejercicio de cualquiera de los derechos requiere que acredites tu identidad pudiendo al efecto: <ul> <li>Acompa\u00f1ar a la solicitud una copia del DNI<\/li> <li>Acompa\u00f1ar a la solicitud una copia de documento equivalente al DNI que acredite su identidad (p.ej. Pasaporte).<\/li> <\/ul> <\/td> <\/tr> <\/tbody> <\/table>","_links":{"self":[{"href":"https:\/\/biocomenergia.com\/en\/wp-json\/wp\/v2\/pages\/3"}],"collection":[{"href":"https:\/\/biocomenergia.com\/en\/wp-json\/wp\/v2\/pages"}],"about":[{"href":"https:\/\/biocomenergia.com\/en\/wp-json\/wp\/v2\/types\/page"}],"author":[{"embeddable":true,"href":"https:\/\/biocomenergia.com\/en\/wp-json\/wp\/v2\/users\/1"}],"replies":[{"embeddable":true,"href":"https:\/\/biocomenergia.com\/en\/wp-json\/wp\/v2\/comments?post=3"}],"version-history":[{"count":4,"href":"https:\/\/biocomenergia.com\/en\/wp-json\/wp\/v2\/pages\/3\/revisions"}],"predecessor-version":[{"id":581,"href":"https:\/\/biocomenergia.com\/en\/wp-json\/wp\/v2\/pages\/3\/revisions\/581"}],"wp:attachment":[{"href":"https:\/\/biocomenergia.com\/en\/wp-json\/wp\/v2\/media?parent=3"}],"curies":[{"name":"wp","href":"https:\/\/api.w.org\/{rel}","templated":true}]}}