{"id":238,"date":"2020-02-14T11:05:42","date_gmt":"2020-02-14T11:05:42","guid":{"rendered":"https:\/\/biocomenergia.com\/?page_id=238"},"modified":"2024-07-08T09:57:30","modified_gmt":"2024-07-08T09:57:30","slug":"empresa","status":"publish","type":"page","link":"https:\/\/biocomenergia.com\/en\/empresa\/","title":{"rendered":"Company"},"content":{"rendered":"<div id=\"themify_builder_content-238\" data-postid=\"238\" class=\"themify_builder_content themify_builder_content-238 themify_builder\">\n    \t<!-- module_row -->\n\t<div   class=\"themify_builder_row module_row clearfix fullcover module_row_0 themify_builder_238_row module_row_238-0 tb_sxns395\">\n\t    \t    <div class=\"row_inner col_align_top\" >\n\t\t\t<div  class=\"module_column tb-column col-full first tb_238_column module_column_0 module_column_238-0-0 tb_37mx395\">\n\t    \t    \t<\/div>\n\t\t    <\/div>\n\t    <!-- \/row_inner -->\n\t<\/div>\n\t<!-- \/module_row -->\n\t\t<!-- module_row -->\n\t<div   class=\"themify_builder_row module_row clearfix fullcover module_row_1 themify_builder_238_row module_row_238-1 tb_ab90278\">\n\t    \t    <div class=\"row_inner col_align_top\" >\n\t\t\t<div  class=\"module_column tb-column col-full first tb_238_column module_column_0 module_column_238-1-0 tb_pxcu279 repeat\" >\n\t    \t    \t        <div class=\"tb-column-inner\">\n\t\t    \t<div  class=\"themify_builder_sub_row module_subrow clearfix repeat wow lightSpeedIn sub_row_1-0-0 tb_h71e213\" >\n\t    \t    <div class=\"subrow_inner col_align_top\" >\n\t\t\t<div  class=\"sub_column module_column col-full first sub_column_post_238 sub_column_1-0-0-0 tb_r26s215\" > \n\t    \t    \t        <div class=\"tb-column-inner\">\n\t\t    <!-- module text -->\n<div  class=\"module module-text tb_clc6947\">\n            <div  class=\"tb_text_wrap\">\n    <h1 style=\"text-align: center;\">OUR MAIN AIM:<\/h1>    <\/div>\n<\/div>\n<!-- \/module text -->\n<!-- module text -->\n<div  class=\"module module-text tb_xtli897  repeat\">\n            <div  class=\"tb_text_wrap\">\n    <h2 style=\"text-align: center;\">SOCIAL, ECONOMIC AND ENVIRONMENTAL SUSTAINABILITY<\/h2>    <\/div>\n<\/div>\n<!-- \/module text -->\n<!-- module text -->\n<div  class=\"module module-text tb_k13t44\">\n            <div  class=\"tb_text_wrap\">\n    <p style=\"text-align: center;\">We are part of Selev Biogroup, a division specialized in Sustainability and Circular Economy of Nuova Sesac, a business group that, for three generations, has been dedicated to the productive and industrial economy with a clear aim: social, economic and environmental sustainability.<\/p>    <\/div>\n<\/div>\n<!-- \/module text -->\n\t        <\/div>\n\t    \t<\/div>\n\t\t    <\/div>\n\t<\/div><!-- \/themify_builder_sub_row -->\n\t\t        <\/div>\n\t    \t<\/div>\n\t\t    <\/div>\n\t    <!-- \/row_inner -->\n\t<\/div>\n\t<!-- \/module_row -->\n\t\t<!-- module_row -->\n\t<div   class=\"themify_builder_row module_row clearfix fullcover fullwidth module_row_2 themify_builder_238_row module_row_238-2 tb_jjd0380\">\n\t    \t    <div class=\"row_inner col_align_top\" >\n\t\t\t<div  class=\"module_column tb-column col2-1 first tb_238_column module_column_0 module_column_238-2-0 tb_uqho381 repeat\" >\n\t    \t    \t<\/div>\n\t\t<div  class=\"module_column tb-column col2-1 last tb_238_column module_column_1 module_column_238-2-1 tb_wlls382 repeat\" >\n\t    \t    \t        <div class=\"tb-column-inner\">\n\t\t    <!-- module text -->\n<div  class=\"module module-text tb_ryfq794    wow lightSpeedIn\">\n            <div  class=\"tb_text_wrap\">\n    <h3><strong>ENTREPRENEURIAL VOCATION<br \/><\/strong><\/h3>    <\/div>\n<\/div>\n<!-- \/module text -->\n<!-- module text -->\n<div  class=\"module module-text tb_h6d0931    wow lightSpeedIn\">\n            <div  class=\"tb_text_wrap\">\n    <h4>BELIEVING IN A SUSTAINABLE ECONOMY<\/h4>    <\/div>\n<\/div>\n<!-- \/module text -->\n<!-- module text -->\n<div  class=\"module module-text tb_ndnr262    wow lightSpeedIn\">\n            <div  class=\"tb_text_wrap\">\n    <p>The entrepreneurial vocation of the Cases Monterde family and its commitment to a sustainable economy has lead Biocom Energ\u00eda to become the largest Spanish manufacturer of advanced or second generation biodiesel.<\/p>    <\/div>\n<\/div>\n<!-- \/module text -->\n<!-- module text -->\n<div  class=\"module module-text tb_gyfo761    wow lightSpeedIn\">\n            <div  class=\"tb_text_wrap\">\n    <p>The company was founded in 2007. In its quest to achieve more and more sustainable and Circular-Economy-oriented business, Biocom Energ\u00eda opted in 2015 for the expansion of its business with the acquisition of a biodiesel premise in Cuenca, increasing its production capacity to up to 120,000 tons of biodiesel per year.<\/p>    <\/div>\n<\/div>\n<!-- \/module text -->\n\t        <\/div>\n\t    \t<\/div>\n\t\t    <\/div>\n\t    <!-- \/row_inner -->\n\t<\/div>\n\t<!-- \/module_row -->\n\t\t<!-- module_row -->\n\t<div   class=\"themify_builder_row module_row clearfix fullcover fullwidth module_row_3 themify_builder_238_row module_row_238-3 tb_dj5g876\">\n\t    \t    <div class=\"row_inner col_align_top\" >\n\t\t\t<div  class=\"module_column tb-column col-full first tb_238_column module_column_0 module_column_238-3-0 tb_f2ff877 repeat\" >\n\t    \t    \t        <div class=\"tb-column-inner\">\n\t\t    <!-- module text -->\n<div  class=\"module module-text tb_chi016  repeat  wow lightSpeedIn\">\n            <div  class=\"tb_text_wrap\">\n    <h4 style=\"text-align: center;\">CURRENTLY, WE HAVE TWO BIOFUEL PRODUCTION CENTERS<strong><br \/><\/strong><\/h4>    <\/div>\n<\/div>\n<!-- \/module text -->\n<!-- module text -->\n<div  class=\"module module-text tb_87ko680    wow lightSpeedIn\">\n            <div  class=\"tb_text_wrap\">\n    <p style=\"text-align: center;\">Located in Algemes\u00ed and Cuenca we have more than 20,000m\u00b2 in state-of-the-art facilities and fully equipped laboratories with the most modern technologies.<\/p>    <\/div>\n<\/div>\n<!-- \/module text -->\n\t        <\/div>\n\t    \t<\/div>\n\t\t    <\/div>\n\t    <!-- \/row_inner -->\n\t<\/div>\n\t<!-- \/module_row -->\n\t\t<!-- module_row -->\n\t<div  class=\"themify_builder_row module_row clearfix module_row_4 themify_builder_238_row module_row_238-4 tb_mtlg145\">\n\t    \t    <div class=\"row_inner col_align_top\" >\n\t\t\t<div  class=\"module_column tb-column col2-1 first tb_238_column module_column_0 module_column_238-4-0 tb_e4fk145\">\n\t    \t    \t        <div class=\"tb-column-inner\">\n\t\t    <script type=\"text\/javascript\">\n\t\t\t\t\t\t\t\t\tvar id =\"pro-image-css\";\n\t\t\t\t\t\t\t\t\tif(document.getElementById(id)===null){\n\t\t\t\t\t\t\t\t\t    var link = document.createElement(\"link\");\n\t\t\t\t\t\t\t\t\t    link.rel=\"stylesheet\";\n\t\t\t\t\t\t\t\t\t    link.type=\"text\/css\";\n\t\t\t\t\t\t\t\t\t    link.id=id;\n\t\t\t\t\t\t\t\t\t    link.href=\"https:\/\/biocomenergia.com\/wp-content\/plugins\/builder-image-pro\/assets\/style.min.css?ver=1.3.2\";\n\t\t\t\t\t\t\t\t\t    document.body.appendChild(link);\n\t\t\t\t\t\t\t\t\t}\n\t\t\t\t\t\t\t<\/script>    <!-- module image pro -->\n    <div  id=\"pro-image-238-4-0-0\" class=\"module module-pro-image pro-image-238-4-0-0 filter-none effect-none   image_alignment_left    entrance-effect-fadeIn tb_e5p1467\" data-entrance-effect=\"fadeIn\" data-exit-effect=\"fadeOut\"   >\n        \t\n        \n        <div class=\"image-pro-wrap\">\n                            <a class=\"image-pro-external\" href=\"https:\/\/biocomenergia.com\/wp-content\/uploads\/2024\/07\/PUBLICIDAD-BIOCUENCA-GAS-INTESIVAS.pdf\" target=\"_blank\"><\/a>\n                           <div class=\"image-pro-flip-box-wrap\">\n                <div class=\"image-pro-flip-box\">\n\n                    <img loading=\"lazy\" width=\"3508\" height=\"2480\" src=\"https:\/\/biocomenergia.com\/wp-content\/uploads\/2024\/07\/PUBLICIDAD-BIOCUENCA-GAS-INTESIVAS.png\" class=\"wp-post-image wp-image-706\" alt=\"PUBLICIDAD BIOCUENCA GAS INTESIVAS\" srcset=\"https:\/\/biocomenergia.com\/wp-content\/uploads\/2024\/07\/PUBLICIDAD-BIOCUENCA-GAS-INTESIVAS.png 3508w, https:\/\/biocomenergia.com\/wp-content\/uploads\/2024\/07\/PUBLICIDAD-BIOCUENCA-GAS-INTESIVAS-300x212.png 300w, https:\/\/biocomenergia.com\/wp-content\/uploads\/2024\/07\/PUBLICIDAD-BIOCUENCA-GAS-INTESIVAS-1024x724.png 1024w, https:\/\/biocomenergia.com\/wp-content\/uploads\/2024\/07\/PUBLICIDAD-BIOCUENCA-GAS-INTESIVAS-768x543.png 768w, https:\/\/biocomenergia.com\/wp-content\/uploads\/2024\/07\/PUBLICIDAD-BIOCUENCA-GAS-INTESIVAS-1536x1086.png 1536w, https:\/\/biocomenergia.com\/wp-content\/uploads\/2024\/07\/PUBLICIDAD-BIOCUENCA-GAS-INTESIVAS-2048x1448.png 2048w\" sizes=\"(max-width: 3508px) 100vw, 3508px\" \/>\n                    <div class=\"image-pro-overlay\" style=\"visibility: hidden\">\n\n                        \n                        <div class=\"image-pro-overlay-inner\">\n\n                            \n                            \n                            \n                        <\/div>\n                    <\/div><!-- .image-pro-overlay -->\n\n                <\/div>\n            <\/div>\n\n        <\/div><!-- .image-pro-wrap -->\n\n                \n                    <\/div>\n    <!-- \/module image pro -->\n\t        <\/div>\n\t    \t<\/div>\n\t\t<div  class=\"module_column tb-column col2-1 last tb_238_column module_column_1 module_column_238-4-1 tb_kh9b145\">\n\t    \t    \t        <div class=\"tb-column-inner\">\n\t\t        <!-- module image pro -->\n    <div  id=\"pro-image-238-4-1-0\" class=\"module module-pro-image pro-image-238-4-1-0 filter-none effect-none   image_alignment_left    entrance-effect-fadeIn tb_crgg566\" data-entrance-effect=\"fadeIn\" data-exit-effect=\"fadeOut\"   >\n        \t\n        \n        <div class=\"image-pro-wrap\">\n                            <a class=\"image-pro-external\" href=\"https:\/\/biocomenergia.com\/wp-content\/uploads\/2024\/07\/PUBLICIDAD-BIOENERGIA-GAS-INTESIVAS.pdf\" target=\"_blank\"><\/a>\n                           <div class=\"image-pro-flip-box-wrap\">\n                <div class=\"image-pro-flip-box\">\n\n                    <img loading=\"lazy\" width=\"3508\" height=\"2480\" src=\"https:\/\/biocomenergia.com\/wp-content\/uploads\/2024\/07\/PUBLICIDAD-BIOENERGIA-GAS-INTESIVAS.png\" class=\"wp-post-image wp-image-707\" alt=\"PUBLICIDAD BIOENERGIA GAS INTESIVAS\" srcset=\"https:\/\/biocomenergia.com\/wp-content\/uploads\/2024\/07\/PUBLICIDAD-BIOENERGIA-GAS-INTESIVAS.png 3508w, https:\/\/biocomenergia.com\/wp-content\/uploads\/2024\/07\/PUBLICIDAD-BIOENERGIA-GAS-INTESIVAS-300x212.png 300w, https:\/\/biocomenergia.com\/wp-content\/uploads\/2024\/07\/PUBLICIDAD-BIOENERGIA-GAS-INTESIVAS-1024x724.png 1024w, https:\/\/biocomenergia.com\/wp-content\/uploads\/2024\/07\/PUBLICIDAD-BIOENERGIA-GAS-INTESIVAS-768x543.png 768w, https:\/\/biocomenergia.com\/wp-content\/uploads\/2024\/07\/PUBLICIDAD-BIOENERGIA-GAS-INTESIVAS-1536x1086.png 1536w, https:\/\/biocomenergia.com\/wp-content\/uploads\/2024\/07\/PUBLICIDAD-BIOENERGIA-GAS-INTESIVAS-2048x1448.png 2048w\" sizes=\"(max-width: 3508px) 100vw, 3508px\" \/>\n                    <div class=\"image-pro-overlay\" style=\"visibility: hidden\">\n\n                        \n                        <div class=\"image-pro-overlay-inner\">\n\n                            \n                            \n                            \n                        <\/div>\n                    <\/div><!-- .image-pro-overlay -->\n\n                <\/div>\n            <\/div>\n\n        <\/div><!-- .image-pro-wrap -->\n\n                \n                    <\/div>\n    <!-- \/module image pro -->\n\t        <\/div>\n\t    \t<\/div>\n\t\t    <\/div>\n\t    <!-- \/row_inner -->\n\t<\/div>\n\t<!-- \/module_row -->\n\t<\/div>\n\n<!-- AddThis Advanced Settings generic via filter on the_content --><!-- AddThis Share Buttons generic via filter on the_content -->","protected":false},"excerpt":{"rendered":"<p>OUR MAIN AIM:<!-- AddThis Advanced Settings generic via filter on get_the_excerpt --><!-- AddThis Share Buttons generic via filter on get_the_excerpt --><\/p>","protected":false},"author":1,"featured_media":0,"parent":0,"menu_order":0,"comment_status":"closed","ping_status":"closed","template":"","meta":[],"yoast_head":"<!-- This site is optimized with the Yoast SEO plugin v16.0.2 - https:\/\/yoast.com\/wordpress\/plugins\/seo\/ -->\n<title>Empresa - Biocom<\/title>\n<meta name=\"robots\" content=\"index, follow, max-snippet:-1, max-image-preview:large, max-video-preview:-1\" \/>\n<link rel=\"canonical\" href=\"https:\/\/biocomenergia.com\/empresa\/\" \/>\n<meta property=\"og:locale\" content=\"en_GB\" \/>\n<meta property=\"og:type\" content=\"article\" \/>\n<meta property=\"og:title\" content=\"Empresa - Biocom\" \/>\n<meta property=\"og:description\" content=\"Nuestro principal objetivo:\" \/>\n<meta property=\"og:url\" content=\"https:\/\/biocomenergia.com\/empresa\/\" \/>\n<meta property=\"og:site_name\" content=\"Biocom\" \/>\n<meta property=\"article:modified_time\" content=\"2024-07-08T09:57:30+00:00\" \/>\n<meta name=\"twitter:card\" content=\"summary_large_image\" \/>\n<script type=\"application\/ld+json\" class=\"yoast-schema-graph\">{\"@context\":\"https:\/\/schema.org\",\"@graph\":[{\"@type\":\"WebSite\",\"@id\":\"https:\/\/biocomenergia.com\/#website\",\"url\":\"https:\/\/biocomenergia.com\/\",\"name\":\"Biocom\",\"description\":\"Pura responsabilidad\",\"potentialAction\":[{\"@type\":\"SearchAction\",\"target\":\"https:\/\/biocomenergia.com\/?s={search_term_string}\",\"query-input\":\"required name=search_term_string\"}],\"inLanguage\":\"en-GB\"},{\"@type\":\"WebPage\",\"@id\":\"https:\/\/biocomenergia.com\/empresa\/#webpage\",\"url\":\"https:\/\/biocomenergia.com\/empresa\/\",\"name\":\"Empresa - Biocom\",\"isPartOf\":{\"@id\":\"https:\/\/biocomenergia.com\/#website\"},\"datePublished\":\"2020-02-14T11:05:42+00:00\",\"dateModified\":\"2024-07-08T09:57:30+00:00\",\"breadcrumb\":{\"@id\":\"https:\/\/biocomenergia.com\/empresa\/#breadcrumb\"},\"inLanguage\":\"en-GB\",\"potentialAction\":[{\"@type\":\"ReadAction\",\"target\":[\"https:\/\/biocomenergia.com\/empresa\/\"]}]},{\"@type\":\"BreadcrumbList\",\"@id\":\"https:\/\/biocomenergia.com\/empresa\/#breadcrumb\",\"itemListElement\":[{\"@type\":\"ListItem\",\"position\":1,\"item\":{\"@type\":\"WebPage\",\"@id\":\"https:\/\/biocomenergia.com\/\",\"url\":\"https:\/\/biocomenergia.com\/\",\"name\":\"Portada\"}},{\"@type\":\"ListItem\",\"position\":2,\"item\":{\"@type\":\"WebPage\",\"@id\":\"https:\/\/biocomenergia.com\/empresa\/\",\"url\":\"https:\/\/biocomenergia.com\/empresa\/\",\"name\":\"Empresa\"}}]}]}<\/script>\n<!-- \/ Yoast SEO plugin. -->","builder_content":"<h1 style=\"text-align: center;\">Nuestro principal objetivo:<\/h1>\n<h2 style=\"text-align: center;\">Sostenibilidad social, econ\u00f3mica y medioambiental<\/h2>\n<p style=\"text-align: center;\">Formamos parte de Selev Biogroup, divisi\u00f3n especializada en Sostenibilidad y Econom\u00eda Circular de Nuova Sesac, un grupo empresarial que, desde hace tres generaciones, se dedica a la econom\u00eda productiva e industrial con un firme objetivo, el de apostar por la sostenibilidad social, econ\u00f3mica y medioambiental.<\/p>\n<h3><strong>VOCACI\u00d3N EMPRENDEDORA<br \/><\/strong><\/h3>\n<h4>La apuesta por la econom\u00eda sostenible<\/h4>\n<p>La vocaci\u00f3n emprendedora de la familia Cases Monterde y su apuesta por la econom\u00eda sostenible ha llevado a Biocom Energ\u00eda a convertirse en el mayor fabricante espa\u00f1ol de biodiesel avanzado o de segunda generaci\u00f3n.<\/p>\n<p>La compa\u00f1\u00eda fue fundada en 2007. En su b\u00fasqueda por conseguir cada vez m\u00e1s negocios que apuesten por la sostenibilidad y la Econom\u00eda Circular, Biocom Energ\u00eda apost\u00f3 en 2015 por la ampliaci\u00f3n del negocio con la adquisici\u00f3n de una planta de biodiesel en Cuenca, incrementando su capacidad productiva hasta las 120.000 toneladas anuales de biodiesel.<\/p>\n<h4 style=\"text-align: center;\">En la actualidad, disponemos de dos centros de producci\u00f3n de biocombustibles<strong><br \/><\/strong><\/h4>\n<p style=\"text-align: center;\">Situados en Algemes\u00ed y Cuenca contamos con m\u00e1s de 20.000m\u00b2 en instalaciones de \u00faltima generaci\u00f3n y laboratorios totalmente equipados con las m\u00e1s modernas tecnolog\u00edas.<\/p>\n<a href=\"https:\/\/biocomenergia.com\/wp-content\/uploads\/2024\/07\/PUBLICIDAD-BIOCUENCA-GAS-INTESIVAS.pdf\" target=\"_blank\"><\/a> \n <img loading=\"lazy\" width=\"3508\" height=\"2480\" src=\"https:\/\/biocomenergia.com\/wp-content\/uploads\/2024\/07\/PUBLICIDAD-BIOCUENCA-GAS-INTESIVAS.png\" alt=\"PUBLICIDAD BIOCUENCA GAS INTESIVAS\" srcset=\"https:\/\/biocomenergia.com\/wp-content\/uploads\/2024\/07\/PUBLICIDAD-BIOCUENCA-GAS-INTESIVAS.png 3508w, https:\/\/biocomenergia.com\/wp-content\/uploads\/2024\/07\/PUBLICIDAD-BIOCUENCA-GAS-INTESIVAS-300x212.png 300w, https:\/\/biocomenergia.com\/wp-content\/uploads\/2024\/07\/PUBLICIDAD-BIOCUENCA-GAS-INTESIVAS-1024x724.png 1024w, https:\/\/biocomenergia.com\/wp-content\/uploads\/2024\/07\/PUBLICIDAD-BIOCUENCA-GAS-INTESIVAS-768x543.png 768w, https:\/\/biocomenergia.com\/wp-content\/uploads\/2024\/07\/PUBLICIDAD-BIOCUENCA-GAS-INTESIVAS-1536x1086.png 1536w, https:\/\/biocomenergia.com\/wp-content\/uploads\/2024\/07\/PUBLICIDAD-BIOCUENCA-GAS-INTESIVAS-2048x1448.png 2048w\" sizes=\"(max-width: 3508px) 100vw, 3508px\" \/>\n<a href=\"https:\/\/biocomenergia.com\/wp-content\/uploads\/2024\/07\/PUBLICIDAD-BIOENERGIA-GAS-INTESIVAS.pdf\" target=\"_blank\"><\/a> \n <img loading=\"lazy\" width=\"3508\" height=\"2480\" src=\"https:\/\/biocomenergia.com\/wp-content\/uploads\/2024\/07\/PUBLICIDAD-BIOENERGIA-GAS-INTESIVAS.png\" alt=\"PUBLICIDAD BIOENERGIA GAS INTESIVAS\" srcset=\"https:\/\/biocomenergia.com\/wp-content\/uploads\/2024\/07\/PUBLICIDAD-BIOENERGIA-GAS-INTESIVAS.png 3508w, https:\/\/biocomenergia.com\/wp-content\/uploads\/2024\/07\/PUBLICIDAD-BIOENERGIA-GAS-INTESIVAS-300x212.png 300w, https:\/\/biocomenergia.com\/wp-content\/uploads\/2024\/07\/PUBLICIDAD-BIOENERGIA-GAS-INTESIVAS-1024x724.png 1024w, https:\/\/biocomenergia.com\/wp-content\/uploads\/2024\/07\/PUBLICIDAD-BIOENERGIA-GAS-INTESIVAS-768x543.png 768w, https:\/\/biocomenergia.com\/wp-content\/uploads\/2024\/07\/PUBLICIDAD-BIOENERGIA-GAS-INTESIVAS-1536x1086.png 1536w, https:\/\/biocomenergia.com\/wp-content\/uploads\/2024\/07\/PUBLICIDAD-BIOENERGIA-GAS-INTESIVAS-2048x1448.png 2048w\" sizes=\"(max-width: 3508px) 100vw, 3508px\" \/>","_links":{"self":[{"href":"https:\/\/biocomenergia.com\/en\/wp-json\/wp\/v2\/pages\/238"}],"collection":[{"href":"https:\/\/biocomenergia.com\/en\/wp-json\/wp\/v2\/pages"}],"about":[{"href":"https:\/\/biocomenergia.com\/en\/wp-json\/wp\/v2\/types\/page"}],"author":[{"embeddable":true,"href":"https:\/\/biocomenergia.com\/en\/wp-json\/wp\/v2\/users\/1"}],"replies":[{"embeddable":true,"href":"https:\/\/biocomenergia.com\/en\/wp-json\/wp\/v2\/comments?post=238"}],"version-history":[{"count":35,"href":"https:\/\/biocomenergia.com\/en\/wp-json\/wp\/v2\/pages\/238\/revisions"}],"predecessor-version":[{"id":710,"href":"https:\/\/biocomenergia.com\/en\/wp-json\/wp\/v2\/pages\/238\/revisions\/710"}],"wp:attachment":[{"href":"https:\/\/biocomenergia.com\/en\/wp-json\/wp\/v2\/media?parent=238"}],"curies":[{"name":"wp","href":"https:\/\/api.w.org\/{rel}","templated":true}]}}