{"id":23,"date":"2016-08-03T12:52:55","date_gmt":"2016-08-03T12:52:55","guid":{"rendered":"https:\/\/themify.me\/demo\/themes\/ultra-agency\/?page_id=15"},"modified":"2020-04-07T13:39:06","modified_gmt":"2020-04-07T13:39:06","slug":"contact","status":"publish","type":"page","link":"https:\/\/biocomenergia.com\/en\/contact\/","title":{"rendered":"Contact"},"content":{"rendered":"<div id=\"themify_builder_content-23\" data-postid=\"23\" class=\"themify_builder_content themify_builder_content-23 themify_builder\">\n    \t<!-- module_row -->\n\t<div   class=\"themify_builder_row module_row clearfix builder-parallax-scrolling module_row_0 themify_builder_23_row module_row_23-0 tb_20o7665\">\n\t    <div class=\"builder_row_cover\"><\/div>\t    <div class=\"row_inner col_align_middle direction-rtl\"   data-desktop_dir=\"rtl\">\n\t\t\t<div  class=\"module_column tb-column col-full first tb_23_column module_column_0 module_column_23-0-0 tb_4dhx676\" >\n\t    \t    \t        <div class=\"tb-column-inner\">\n\t\t    <!-- module text -->\n<div  class=\"module module-text tb_45mm688\">\n            <div  class=\"tb_text_wrap\">\n    <h1>Contact us<\/h1>    <\/div>\n<\/div>\n<!-- \/module text -->\n<!-- module text -->\n<div  class=\"module module-text tb_bftm680\">\n            <div  class=\"tb_text_wrap\">\n    <h2>Our commercial and technical team is at your entire disposal.<\/h2>    <\/div>\n<\/div>\n<!-- \/module text -->\n<script type=\"text\/javascript\">\n\t\t\t\t\t\t\t\t\tvar id =\"contact-css\";\n\t\t\t\t\t\t\t\t\tif(document.getElementById(id)===null){\n\t\t\t\t\t\t\t\t\t    var link = document.createElement(\"link\");\n\t\t\t\t\t\t\t\t\t    link.rel=\"stylesheet\";\n\t\t\t\t\t\t\t\t\t    link.type=\"text\/css\";\n\t\t\t\t\t\t\t\t\t    link.id=id;\n\t\t\t\t\t\t\t\t\t    link.href=\"https:\/\/biocomenergia.com\/wp-content\/plugins\/builder-contact\/assets\/style.min.css?ver=1.4.1\";\n\t\t\t\t\t\t\t\t\t    document.body.appendChild(link);\n\t\t\t\t\t\t\t\t\t}\n\t\t\t\t\t\t\t<\/script>    <!-- module contact -->\n    <div  id=\"contact-23-0-0-2\" class=\"module module-contact contact-23-0-0-2 contact-style1   tb_rcsc688\">\n\t        \n        \n        <form action=\"https:\/\/biocomenergia.com\/wp-admin\/admin-ajax.php\" class=\"builder-contact\" id=\"contact-23-0-0-2-form\" method=\"post\" data-trp-original-action=\"https:\/\/biocomenergia.com\/wp-admin\/admin-ajax.php\">\n            <div class=\"contact-message\"><\/div>\n\t    <div class=\"builder-contact-fields\">\n\t                    <div class=\"builder-contact-field builder-contact-field-name builder-contact-text-field\" data-order=\"0\">\n                    <label class=\"control-label\" for=\"contact-23-0-0-2-contact-name\"><span class=\"tb-label-span\">NAME <\/span><\/label>\n                    <div class=\"control-input\">\n                        <input type=\"text\" name=\"contact-name\" placeholder=\"\" id=\"contact-23-0-0-2-contact-name\" value=\"\" class=\"form-control\" \/>\n                    <\/div>\n                <\/div>\n\t    \t                    <div class=\"builder-contact-field builder-contact-field-email builder-contact-text-field\" data-order=\"1\">\n                    <label class=\"control-label\" for=\"contact-23-0-0-2-contact-email\"><span class=\"tb-label-span\">Email <\/span><\/label>\n                    <div class=\"control-input\">\n                        <input type=\"text\" name=\"contact-email\" placeholder=\"\" id=\"contact-23-0-0-2-contact-email\" value=\"\" class=\"form-control\"  \/>\n                    <\/div>\n                <\/div>\n\t    \t                        <div class=\"builder-contact-field builder-contact-field-subject builder-contact-text-field\" data-order=\"2\">\n                        <label class=\"control-label\" for=\"contact-23-0-0-2-contact-subject\"><span class=\"tb-label-span\">subject<\/span> <\/label>\n                        <div class=\"control-input\">\n                            <input type=\"text\" name=\"contact-subject\" placeholder=\"\" id=\"contact-23-0-0-2-contact-subject\" value=\"\" class=\"form-control\"  \/>\n                        <\/div>\n                    <\/div>\n                \n\t\t\t\t    <div class=\"builder-contact-field builder-contact-field-message builder-contact-textarea-field\" data-order=\"3\">\n\t\t\t<label class=\"control-label\" for=\"contact-23-0-0-2-contact-message\"><span class=\"tb-label-span\">message <\/span><span class=\"required\">*<\/span><\/label>\n\t\t\t<div class=\"control-input\">\n\t\t\t    <textarea name=\"contact-message\" placeholder=\"\" id=\"contact-23-0-0-2-contact-message\" rows=\"8\" cols=\"45\" class=\"form-control\" required><\/textarea>\n\t\t\t<\/div>\n\t\t    <\/div>\n\t\t\n                                                    \t\t\t\t\n                \n\t\t\t\t\n\t\t\t\t\t\t\t\t\t<div class=\"builder-contact-field builder-contact-field-gdpr\" data-order=\"10000\">\n\t\t\t\t\t\t<div class=\"control-label\">\n\t\t\t\t\t\t\t<div class=\"control-input checkbox\">\n\t\t\t\t\t\t\t\t<label class=\"field-gdpr\">\n\t\t\t\t\t\t\t\t\t<input type=\"checkbox\" name=\"gdpr\" value=\"1\" required> I have read, accepted and consent to the treatment of my data as reported in our privacy policy <span class=\"required\">*<\/span>\n\t\t\t\t\t\t\t\t<\/label>\n\t\t\t\t\t\t\t<\/div>\n\t\t\t\t\t\t<\/div>\n\t\t\t\t\t<\/div>\n\t\t\t\t\n                \n                <div class=\"builder-contact-field builder-contact-field-send\" data-order=\"10001\">\n                    <div class=\"control-input builder-contact-field-send-center\">\n                        <button type=\"submit\" class=\"btn btn-primary\"> <i class=\"fa fa-cog fa-spin\"><\/i> Enviar <\/button>\n                    <\/div>\n                <\/div>\n            <\/div>\n            <script type=\"text\/html\" class=\"builder-contact-form-data\">YToxNDp7czo2OiJzZW5kdG8iO3M6MjI6ImluZm9AYmlvY29tZW5lcmdpYS5jb20iO3M6MjA6InNwZWNpZnlfZnJvbV9hZGRyZXNzIjtzOjA6IiI7czoxNDoic2VuZF90b19hZG1pbnMiO2I6MDtzOjIxOiJzcGVjaWZ5X2VtYWlsX2FkZHJlc3MiO3M6MDoiIjtzOjM6ImJjYyI7czowOiIiO3M6MTY6ImFjdGl2ZV9iY2NfZW1haWwiO3M6MDoiIjtzOjE1OiJkZWZhdWx0X3N1YmplY3QiO3M6MDoiIjtzOjExOiJzdWNjZXNzX3VybCI7czowOiIiO3M6OToicG9zdF90eXBlIjtzOjA6IiI7czoxMToicG9zdF9hdXRob3IiO2I6MDtzOjIwOiJzdWNjZXNzX21lc3NhZ2VfdGV4dCI7czoyNDoiTWVzc2FnZSBzZW50LiBUaGFuayB5b3UuIjtzOjE3OiJjb250YWN0X3NlbnRfZnJvbSI7czo2OiJlbmFibGUiO3M6MjA6ImNvbnRhY3RfbmFtZV9yZXF1aXJlIjtiOjA7czoyMToiY29udGFjdF9lbWFpbF9yZXF1aXJlIjtiOjA7fQ==<\/script>\n            <script type=\"text\/javascript\">\n\t\t\t\t\/\/ To load orders instantly, even don't wait for document ready\n\t\t\t\t(function($){\n\t\t\t\t\tvar mylist = $('#contact-23-0-0-2').first().find('.builder-contact-fields'),\n                                            listitems = mylist.children('div').get();\n\n\t\t\t\t\tlistitems.sort(function (a, b) {\n\t\t\t\t\t\tvar compA = $(a).attr('data-order') ? parseInt( $(a).attr('data-order') ) : $(a).index(),\n                                                    compB = $(b).attr('data-order') ? parseInt( $(b).attr('data-order') ) : $(b).index();\n\t\t\t\t\t\treturn ( compA < compB ) ? -1 : ( compA > compB ) ? 1 : 0;\n\t\t\t\t\t});\n\t\t\t\t\t$.each(listitems, function (idx, itm) {\n\t\t\t\t\t\tmylist.append(itm);\n\t\t\t\t\t});\n\t\t\t\t})(jQuery);\n\t\t\t<\/script>\n        <input type=\"hidden\" name=\"trp-form-language\" value=\"en\"\/><\/form>\n\n            <\/div>\n    <!-- \/module contact -->\n\t        <\/div>\n\t    \t<\/div>\n\t\t    <\/div>\n\t    <!-- \/row_inner -->\n\t<\/div>\n\t<!-- \/module_row -->\n\t\t<!-- module_row -->\n\t<div   class=\"themify_builder_row module_row clearfix fullwidth module_row_1 themify_builder_23_row module_row_23-1 tb_0cdl868\">\n\t    \t    <div class=\"row_inner col_align_top gutter-none\" >\n\t\t\t<div  class=\"module_column tb-column col2-1 first tb_23_column module_column_0 module_column_23-1-0 tb_b6pm872\">\n\t    \t    \t        <div class=\"tb-column-inner\">\n\t\t    <!-- module text -->\n<div  class=\"module module-text tb_7sen250\">\n            <div  class=\"tb_text_wrap\">\n    <h2 style=\"text-align: center;\">Algemes\u00ed<\/h2>    <\/div>\n<\/div>\n<!-- \/module text -->\n<!-- module text -->\n<div  class=\"module module-text tb_h9mh49\">\n            <div  class=\"tb_text_wrap\">\n    <p style=\"text-align: center;\">C\/ Carnissers, 28-30<br \/>Pol\u00edgono Industrial Cotes B<br \/>46680 Algemes\u00ed<\/p>    <\/div>\n<\/div>\n<!-- \/module text -->\n<!-- module widget -->\n<div  class=\"module module-widget tb_nwlm406\">\n\t<div class=\"widget widget_text\">\t\t\t<div class=\"textwidget\">\t\t\t\t\t<div id=\"wp_mapit_1SlNK3uPig\" class=\"wp_mapit_multipin_map\" data-lat=\"39.218223727141\" data-lng=\"-0.41949212551117\" data-zoom=\"16\" data-type=\"normal\" data-marker=\"https:\/\/biocomenergia.com\/wp-content\/plugins\/wp-mapit\/wp_mapit\/images\/map-pin.png\" data-width=\"100\" data-width-type=\"per\" data-height=\"300\" data-height-type=\"px\" data-pins=\"[{&quot;lat&quot;:&quot;39.21830684804315&quot;,&quot;lng&quot;:&quot;-0.4193149413895748&quot;,&quot;marker_image&quot;:&quot;&quot;,&quot;marker_title&quot;:&quot;Biocom Energ\\u00eda&quot;,&quot;marker_content&quot;:&quot;Pol\\u00edgono Industrial Cotes B, Carrer Carnissers, 28 - 30, 46680 Algemes\\u00ed, Valencia&quot;,&quot;marker_url&quot;:&quot;&quot;}]\" ><\/div>\r\n\n<\/div>\n\t\t<\/div><\/div><!-- \/module widget -->\t        <\/div>\n\t    \t<\/div>\n\t\t<div  class=\"module_column tb-column col2-1 last tb_23_column module_column_1 module_column_23-1-1 tb_0xn7873\">\n\t    \t    \t        <div class=\"tb-column-inner\">\n\t\t    <!-- module text -->\n<div  class=\"module module-text tb_cmt4592\">\n            <div  class=\"tb_text_wrap\">\n    <h2 style=\"text-align: center;\">Cuenca<\/h2>    <\/div>\n<\/div>\n<!-- \/module text -->\n<!-- module text -->\n<div  class=\"module module-text tb_0c6h685\">\n            <div  class=\"tb_text_wrap\">\n    <p style=\"text-align: center;\">Ctra. de Valencia km 2,2. <br \/>Pol.Ind. Sepes. Parcela 145-146<br \/>16004 Cuenca<\/p>    <\/div>\n<\/div>\n<!-- \/module text -->\n<!-- module widget -->\n<div  class=\"module module-widget tb_ucjm319\">\n\t<div class=\"widget widget_text\">\t\t\t<div class=\"textwidget\">\t\t\t\t\t<div id=\"wp_mapit_40YEF6Kdk5\" class=\"wp_mapit_multipin_map\" data-lat=\"40.02768016097898\" data-lng=\"-2.1079266071319585\" data-zoom=\"16\" data-type=\"normal\" data-marker=\"https:\/\/biocomenergia.com\/wp-content\/plugins\/wp-mapit\/wp_mapit\/images\/map-pin.png\" data-width=\"100\" data-width-type=\"per\" data-height=\"300\" data-height-type=\"px\" data-pins=\"[{&quot;lat&quot;:&quot;40.02768016097898&quot;,&quot;lng&quot;:&quot;-2.107936583916617&quot;,&quot;marker_image&quot;:&quot;&quot;,&quot;marker_title&quot;:&quot;&quot;,&quot;marker_content&quot;:&quot;&quot;,&quot;marker_url&quot;:&quot;&quot;}]\" ><\/div>\r\n\n<\/div>\n\t\t<\/div><\/div><!-- \/module widget -->\t        <\/div>\n\t    \t<\/div>\n\t\t    <\/div>\n\t    <!-- \/row_inner -->\n\t<\/div>\n\t<!-- \/module_row -->\n\t\t<!-- module_row -->\n\t<div   class=\"themify_builder_row module_row clearfix repeat fullwidth_row_container module_row_2 themify_builder_23_row module_row_23-2 tb_ds4w666\">\n\t    \t    <div class=\"row_inner col_align_middle gutter-none col_auto_height\" >\n\t\t\t<div  class=\"module_column tb-column col4-2 first tb_23_column module_column_0 module_column_23-2-0 tb_cehw684\">\n\t    \t    \t        <div class=\"tb-column-inner\">\n\t\t        <!-- module icon -->\n    <div  class=\"module module-icon tb_c4i9685  xlarge none icon_vertical icon_position_left\">\n\t        \t<div class=\"module-icon\">\n                            <div class=\"module-icon-item\">\n                                                                        <i class=\"fa fa-mobile ui tb_default_color\"><\/i>\n                                                                                        <\/div>\n                    <\/div>\n    <\/div>\n    <!-- \/module icon -->\n<!-- module text -->\n<div  class=\"module module-text tb_ho83686\">\n            <div  class=\"tb_text_wrap\">\n    <p style=\"text-align: center;\"><a href=\"tel:+34 902 37 20 37\">+34 902 37 20 37<\/a> <br \/><a href=\"tel:+34 96 244 84 00\">+34 96 244 84 00<\/a><\/p>    <\/div>\n<\/div>\n<!-- \/module text -->\n\t        <\/div>\n\t    \t<\/div>\n\t\t<div  class=\"module_column tb-column col4-2 last tb_23_column module_column_1 module_column_23-2-1 tb_1zu0685\">\n\t    \t    \t        <div class=\"tb-column-inner\">\n\t\t        <!-- module icon -->\n    <div  class=\"module module-icon tb_pwlf686  xlarge none icon_vertical icon_position_center\">\n\t        \t<div class=\"module-icon\">\n                            <div class=\"module-icon-item\">\n                                                                        <i class=\"fa fa-envelope ui tb_default_color\"><\/i>\n                                                                                        <\/div>\n                    <\/div>\n    <\/div>\n    <!-- \/module icon -->\n<!-- module text -->\n<div  class=\"module module-text tb_5zc9687\">\n            <div  class=\"tb_text_wrap\">\n    <p style=\"text-align: center;\"><a href=\"mailto:info@biocomenergia.com\">info@biocomenergia.com<\/a><\/p>    <\/div>\n<\/div>\n<!-- \/module text -->\n\t        <\/div>\n\t    \t<\/div>\n\t\t    <\/div>\n\t    <!-- \/row_inner -->\n\t<\/div>\n\t<!-- \/module_row -->\n\t<\/div>\n\n<!-- AddThis Advanced Settings generic via filter on the_content --><!-- AddThis Share Buttons generic via filter on the_content -->","protected":false},"excerpt":{"rendered":"<p>Contacta con nosotros Nuestro equipo comercial y t\u00e9cnico est\u00e1 a tu entera disposici\u00f3n. Nombre Email Asunto Mensaje * He le\u00eddo, aceptado y doy mi consentimiento al tratamiento de mis datos conforme a lo informado en nuestra pol\u00edtica de privacidad * Enviar Algemes\u00ed C\/ Carnissers, 28-30Pol\u00edgono Industrial Cotes B46680 Algemes\u00ed Cuenca Ctra. de Valencia km 2,2. [&hellip;]<!-- AddThis Advanced Settings generic via filter on get_the_excerpt --><!-- AddThis Share Buttons generic via filter on get_the_excerpt --><\/p>","protected":false},"author":1,"featured_media":0,"parent":0,"menu_order":0,"comment_status":"closed","ping_status":"closed","template":"","meta":[],"yoast_head":"<!-- This site is optimized with the Yoast SEO plugin v16.0.2 - https:\/\/yoast.com\/wordpress\/plugins\/seo\/ -->\n<title>Contacto - Biocom<\/title>\n<meta name=\"robots\" content=\"index, follow, max-snippet:-1, max-image-preview:large, max-video-preview:-1\" \/>\n<link rel=\"canonical\" href=\"https:\/\/biocomenergia.com\/contact\/\" \/>\n<meta property=\"og:locale\" content=\"en_GB\" \/>\n<meta property=\"og:type\" content=\"article\" \/>\n<meta property=\"og:title\" content=\"Contacto - Biocom\" \/>\n<meta property=\"og:description\" content=\"Contacta con nosotros Nuestro equipo comercial y t\u00e9cnico est\u00e1 a tu entera disposici\u00f3n. Nombre Email Asunto Mensaje * He le\u00eddo, aceptado y doy mi consentimiento al tratamiento de mis datos conforme a lo informado en nuestra pol\u00edtica de privacidad * Enviar Algemes\u00ed C\/ Carnissers, 28-30Pol\u00edgono Industrial Cotes B46680 Algemes\u00ed Cuenca Ctra. de Valencia km 2,2. [&hellip;]\" \/>\n<meta property=\"og:url\" content=\"https:\/\/biocomenergia.com\/contact\/\" \/>\n<meta property=\"og:site_name\" content=\"Biocom\" \/>\n<meta property=\"article:modified_time\" content=\"2020-04-07T13:39:06+00:00\" \/>\n<meta name=\"twitter:card\" content=\"summary_large_image\" \/>\n<script type=\"application\/ld+json\" class=\"yoast-schema-graph\">{\"@context\":\"https:\/\/schema.org\",\"@graph\":[{\"@type\":\"WebSite\",\"@id\":\"https:\/\/biocomenergia.com\/#website\",\"url\":\"https:\/\/biocomenergia.com\/\",\"name\":\"Biocom\",\"description\":\"Pura responsabilidad\",\"potentialAction\":[{\"@type\":\"SearchAction\",\"target\":\"https:\/\/biocomenergia.com\/?s={search_term_string}\",\"query-input\":\"required name=search_term_string\"}],\"inLanguage\":\"en-GB\"},{\"@type\":\"WebPage\",\"@id\":\"https:\/\/biocomenergia.com\/contact\/#webpage\",\"url\":\"https:\/\/biocomenergia.com\/contact\/\",\"name\":\"Contacto - Biocom\",\"isPartOf\":{\"@id\":\"https:\/\/biocomenergia.com\/#website\"},\"datePublished\":\"2016-08-03T12:52:55+00:00\",\"dateModified\":\"2020-04-07T13:39:06+00:00\",\"breadcrumb\":{\"@id\":\"https:\/\/biocomenergia.com\/contact\/#breadcrumb\"},\"inLanguage\":\"en-GB\",\"potentialAction\":[{\"@type\":\"ReadAction\",\"target\":[\"https:\/\/biocomenergia.com\/contact\/\"]}]},{\"@type\":\"BreadcrumbList\",\"@id\":\"https:\/\/biocomenergia.com\/contact\/#breadcrumb\",\"itemListElement\":[{\"@type\":\"ListItem\",\"position\":1,\"item\":{\"@type\":\"WebPage\",\"@id\":\"https:\/\/biocomenergia.com\/\",\"url\":\"https:\/\/biocomenergia.com\/\",\"name\":\"Portada\"}},{\"@type\":\"ListItem\",\"position\":2,\"item\":{\"@type\":\"WebPage\",\"@id\":\"https:\/\/biocomenergia.com\/contact\/\",\"url\":\"https:\/\/biocomenergia.com\/contact\/\",\"name\":\"Contacto\"}}]}]}<\/script>\n<!-- \/ Yoast SEO plugin. -->","builder_content":"<h1>Contacta con nosotros<\/h1>\n<h2>Nuestro equipo comercial y t\u00e9cnico est\u00e1 a tu entera disposici\u00f3n.<\/h2>\n<form action=\"https:\/\/biocomenergia.com\/wp-admin\/admin-ajax.php\" id=\"contact-0--form\" method=\"post\"> <label for=\"contact-0--contact-name\">Nombre <\/label> <input type=\"text\" name=\"contact-name\" placeholder=\"\" id=\"contact-0--contact-name\" value=\"\" \/> <label for=\"contact-0--contact-email\">Email <\/label> <input type=\"text\" name=\"contact-email\" placeholder=\"\" id=\"contact-0--contact-email\" value=\"\" \/> <label for=\"contact-0--contact-subject\">Asunto <\/label> <input type=\"text\" name=\"contact-subject\" placeholder=\"\" id=\"contact-0--contact-subject\" value=\"\" \/> <label for=\"contact-0--contact-message\">Mensaje *<\/label> <textarea name=\"contact-message\" placeholder=\"\" id=\"contact-0--contact-message\" rows=\"8\" cols=\"45\" required><\/textarea> <label> <input type=\"checkbox\" name=\"gdpr\" value=\"1\" required\/> He le\u00eddo, aceptado y doy mi consentimiento al tratamiento de mis datos conforme a lo informado en nuestra pol\u00edtica de privacidad * <\/label> <button type=\"submit\"> Enviar <\/button> <\/form>\n<h2 style=\"text-align: center;\">Algemes\u00ed<\/h2>\n<p style=\"text-align: center;\">C\/ Carnissers, 28-30<br \/>Pol\u00edgono Industrial Cotes B<br \/>46680 Algemes\u00ed<\/p>\n\n<h2 style=\"text-align: center;\">Cuenca<\/h2>\n<p style=\"text-align: center;\">Ctra. de Valencia km 2,2. <br \/>Pol.Ind. Sepes. Parcela 145-146<br \/>16004 Cuenca<\/p>\n\n\n<p style=\"text-align: center;\"><a href=\"tel:+34 902 37 20 37\">+34 902 37 20 37<\/a> <br \/><a href=\"tel:+34 96 244 84 00\">+34 96 244 84 00<\/a><\/p>\n\n<p style=\"text-align: center;\"><a href=\"mailto:info@biocomenergia.com\">info@biocomenergia.com<\/a><\/p>","_links":{"self":[{"href":"https:\/\/biocomenergia.com\/en\/wp-json\/wp\/v2\/pages\/23"}],"collection":[{"href":"https:\/\/biocomenergia.com\/en\/wp-json\/wp\/v2\/pages"}],"about":[{"href":"https:\/\/biocomenergia.com\/en\/wp-json\/wp\/v2\/types\/page"}],"author":[{"embeddable":true,"href":"https:\/\/biocomenergia.com\/en\/wp-json\/wp\/v2\/users\/1"}],"replies":[{"embeddable":true,"href":"https:\/\/biocomenergia.com\/en\/wp-json\/wp\/v2\/comments?post=23"}],"version-history":[{"count":41,"href":"https:\/\/biocomenergia.com\/en\/wp-json\/wp\/v2\/pages\/23\/revisions"}],"predecessor-version":[{"id":585,"href":"https:\/\/biocomenergia.com\/en\/wp-json\/wp\/v2\/pages\/23\/revisions\/585"}],"wp:attachment":[{"href":"https:\/\/biocomenergia.com\/en\/wp-json\/wp\/v2\/media?parent=23"}],"curies":[{"name":"wp","href":"https:\/\/api.w.org\/{rel}","templated":true}]}}