{"id":229,"date":"2020-02-14T09:57:44","date_gmt":"2020-02-14T09:57:44","guid":{"rendered":"https:\/\/biocomenergia.com\/?page_id=229"},"modified":"2020-04-02T07:44:09","modified_gmt":"2020-04-02T07:44:09","slug":"biodiesel","status":"publish","type":"page","link":"https:\/\/biocomenergia.com\/en\/biodiesel\/","title":{"rendered":"Biodiesel"},"content":{"rendered":"<div id=\"themify_builder_content-229\" data-postid=\"229\" class=\"themify_builder_content themify_builder_content-229 themify_builder\">\n    \t<!-- module_row -->\n\t<div   class=\"themify_builder_row module_row clearfix fullcover fullwidth module_row_0 themify_builder_229_row module_row_229-0 tb_wdmw128\">\n\t    \t    <div class=\"row_inner col_align_top\" >\n\t\t\t<div  class=\"module_column tb-column col-full first tb_229_column module_column_0 module_column_229-0-0 tb_ho9p129 repeat\" >\n\t    \t    \t<\/div>\n\t\t    <\/div>\n\t    <!-- \/row_inner -->\n\t<\/div>\n\t<!-- \/module_row -->\n\t\t<!-- module_row -->\n\t<div   class=\"themify_builder_row module_row clearfix module_row_1 themify_builder_229_row module_row_229-1 tb_m5i4113\">\n\t    \t    <div class=\"row_inner col_align_top\" >\n\t\t\t<div  class=\"module_column tb-column col-full first tb_229_column module_column_0 module_column_229-1-0 tb_d7wd114\">\n\t    \t    \t        <div class=\"tb-column-inner\">\n\t\t    <!-- module text -->\n<div  class=\"module module-text tb_hvle275  repeat\">\n            <div  class=\"tb_text_wrap\">\n    <h1>Biodiesel<\/h1>    <\/div>\n<\/div>\n<!-- \/module text -->\n<!-- module text -->\n<div  class=\"module module-text tb_9mcz931  repeat\">\n            <div  class=\"tb_text_wrap\">\n    <h2 style=\"text-align: center;\">PURE AND RESPONSIBLE ENERGY THAT MOVES THE WORLD<\/h2>    <\/div>\n<\/div>\n<!-- \/module text -->\n<!-- module text -->\n<div  class=\"module module-text tb_u72o369\">\n            <div  class=\"tb_text_wrap\">\n    <p>Biodiesel is a bio-waste, the result of which gives us the best alternative to total or partial replacement of traditional diesel. It is obtained through a process called Transesterification, from used cooking oils, oleins and second-use animal fats.<\/p>\n<p>Biodiesel is launched as an ecological alternative for diesel engines. By using this type of fuel, we contribute to reducing CO2 emissions and, consequently, promoting the slowdown of the Earth global warming. \nBiodiesel allows progress without threatening the energy supply of our next generations.<\/p>    <\/div>\n<\/div>\n<!-- \/module text -->\n\t        <\/div>\n\t    \t<\/div>\n\t\t    <\/div>\n\t    <!-- \/row_inner -->\n\t<\/div>\n\t<!-- \/module_row -->\n\t\t<!-- module_row -->\n\t<div   class=\"themify_builder_row module_row clearfix fullcover fullwidth module_row_2 themify_builder_229_row module_row_229-2 tb_ltie870\">\n\t    <div class=\"builder_row_cover\"><\/div>\t    <div class=\"row_inner col_align_top\" >\n\t\t\t<div  class=\"module_column tb-column col-full first tb_229_column module_column_0 module_column_229-2-0 tb_rij7871 repeat\" >\n\t    \t    \t<\/div>\n\t\t    <\/div>\n\t    <!-- \/row_inner -->\n\t<\/div>\n\t<!-- \/module_row -->\n\t\t<!-- module_row -->\n\t<div   class=\"themify_builder_row module_row clearfix repeat fullwidth_row_container module_row_3 themify_builder_229_row module_row_229-3 tb_phvz47\">\n\t    \t    <div class=\"row_inner col_align_top\" >\n\t\t\t<div  class=\"module_column tb-column col-full first tb_229_column module_column_0 module_column_229-3-0 tb_4vcn48\" >\n\t    \t    \t        <div class=\"tb-column-inner\">\n\t\t    \t<div  class=\"themify_builder_sub_row module_subrow clearfix sub_row_3-0-0 tb_cv8v542\" >\n\t    \t    <div class=\"subrow_inner col_align_top\" >\n\t\t\t<div  class=\"sub_column module_column col4-2 first sub_column_post_229 sub_column_3-0-0-0 tb_3saq543\" > \n\t    \t    \t        <div class=\"tb-column-inner\">\n\t\t    <!-- module text -->\n<div  class=\"module module-text tb_0cgf63\">\n            <div  class=\"tb_text_wrap\">\n    <h3>What benefits does biodiesel offer?<\/h3>\n<p>At Biocom Energ\u00eda we reduce 87.5% compared to fossil fuel, this means 200,000 tons of CO2 emissions that we prevent from being released into the atmosphere. This is translated into:<\/p>\n<ul>\n<li>Less polluting emissions<\/li>\n<li>Breathing a purer air<\/li>\n<li>Higher performance and better lubricity\u00a0<\/li>\n<li>Better Cleaning<\/li>\n<\/ul>    <\/div>\n<\/div>\n<!-- \/module text -->\n\t        <\/div>\n\t    \t<\/div>\n\t\t<div  class=\"sub_column module_column col4-2 last sub_column_post_229 sub_column_3-0-0-1 tb_txlo544\" > \n\t    \t    \t        <div class=\"tb-column-inner\">\n\t\t    <!-- module text -->\n<div  class=\"module module-text tb_ahu1634\">\n            <div  class=\"tb_text_wrap\">\n    <h3>The environmental benefits of BIOCOM ENERG\u00cdA, in numbers<\/h3>\n<ul>\n<li>52% less polluting particles<\/li>\n<li>aromatic hydrocarbons<\/li>\n<li>63% less unburned hydrocarbons<\/li>\n<li>22% less CO, since biodiesel is better oxygenated<\/li>\n<li>87.5% less CO2<\/li>\n<\/ul>    <\/div>\n<\/div>\n<!-- \/module text -->\n\t        <\/div>\n\t    \t<\/div>\n\t\t    <\/div>\n\t<\/div><!-- \/themify_builder_sub_row -->\n\t\t        <\/div>\n\t    \t<\/div>\n\t\t    <\/div>\n\t    <!-- \/row_inner -->\n\t<\/div>\n\t<!-- \/module_row -->\n\t<\/div>\n\n<!-- AddThis Advanced Settings generic via filter on the_content --><!-- AddThis Share Buttons generic via filter on the_content -->","protected":false},"excerpt":{"rendered":"<p>Biodi\u00e9sel La energ\u00eda pura y responsable que mueve al mundo El biodi\u00e9sel es un biorresiduo cuyo resultante nos da la mejor alternativa para reemplazar al gasoil tradicional en forma total o parcial. Se obtiene a trav\u00e9s de un proceso denominado Transesterificaci\u00f3n, a partir de aceites usados de cocina, oleinas y grasas animales de segundo uso. [&hellip;]<!-- AddThis Advanced Settings generic via filter on get_the_excerpt --><!-- AddThis Share Buttons generic via filter on get_the_excerpt --><\/p>","protected":false},"author":1,"featured_media":0,"parent":0,"menu_order":0,"comment_status":"closed","ping_status":"closed","template":"","meta":[],"yoast_head":"<!-- This site is optimized with the Yoast SEO plugin v16.0.2 - https:\/\/yoast.com\/wordpress\/plugins\/seo\/ -->\n<title>Biodi\u00e9sel - Biocom<\/title>\n<meta name=\"robots\" content=\"index, follow, max-snippet:-1, max-image-preview:large, max-video-preview:-1\" \/>\n<link rel=\"canonical\" href=\"https:\/\/biocomenergia.com\/biodiesel\/\" \/>\n<meta property=\"og:locale\" content=\"en_GB\" \/>\n<meta property=\"og:type\" content=\"article\" \/>\n<meta property=\"og:title\" content=\"Biodi\u00e9sel - Biocom\" \/>\n<meta property=\"og:description\" content=\"Biodi\u00e9sel La energ\u00eda pura y responsable que mueve al mundo El biodi\u00e9sel es un biorresiduo cuyo resultante nos da la mejor alternativa para reemplazar al gasoil tradicional en forma total o parcial. Se obtiene a trav\u00e9s de un proceso denominado Transesterificaci\u00f3n, a partir de aceites usados de cocina, oleinas y grasas animales de segundo uso. [&hellip;]\" \/>\n<meta property=\"og:url\" content=\"https:\/\/biocomenergia.com\/biodiesel\/\" \/>\n<meta property=\"og:site_name\" content=\"Biocom\" \/>\n<meta property=\"article:modified_time\" content=\"2020-04-02T07:44:09+00:00\" \/>\n<meta name=\"twitter:card\" content=\"summary_large_image\" \/>\n<meta name=\"twitter:label1\" content=\"Estimated reading time\">\n\t<meta name=\"twitter:data1\" content=\"1 minute\">\n<script type=\"application\/ld+json\" class=\"yoast-schema-graph\">{\"@context\":\"https:\/\/schema.org\",\"@graph\":[{\"@type\":\"WebSite\",\"@id\":\"https:\/\/biocomenergia.com\/#website\",\"url\":\"https:\/\/biocomenergia.com\/\",\"name\":\"Biocom\",\"description\":\"Pura responsabilidad\",\"potentialAction\":[{\"@type\":\"SearchAction\",\"target\":\"https:\/\/biocomenergia.com\/?s={search_term_string}\",\"query-input\":\"required name=search_term_string\"}],\"inLanguage\":\"en-GB\"},{\"@type\":\"WebPage\",\"@id\":\"https:\/\/biocomenergia.com\/biodiesel\/#webpage\",\"url\":\"https:\/\/biocomenergia.com\/biodiesel\/\",\"name\":\"Biodi\\u00e9sel - Biocom\",\"isPartOf\":{\"@id\":\"https:\/\/biocomenergia.com\/#website\"},\"datePublished\":\"2020-02-14T09:57:44+00:00\",\"dateModified\":\"2020-04-02T07:44:09+00:00\",\"breadcrumb\":{\"@id\":\"https:\/\/biocomenergia.com\/biodiesel\/#breadcrumb\"},\"inLanguage\":\"en-GB\",\"potentialAction\":[{\"@type\":\"ReadAction\",\"target\":[\"https:\/\/biocomenergia.com\/biodiesel\/\"]}]},{\"@type\":\"BreadcrumbList\",\"@id\":\"https:\/\/biocomenergia.com\/biodiesel\/#breadcrumb\",\"itemListElement\":[{\"@type\":\"ListItem\",\"position\":1,\"item\":{\"@type\":\"WebPage\",\"@id\":\"https:\/\/biocomenergia.com\/\",\"url\":\"https:\/\/biocomenergia.com\/\",\"name\":\"Portada\"}},{\"@type\":\"ListItem\",\"position\":2,\"item\":{\"@type\":\"WebPage\",\"@id\":\"https:\/\/biocomenergia.com\/biodiesel\/\",\"url\":\"https:\/\/biocomenergia.com\/biodiesel\/\",\"name\":\"Biodi\\u00e9sel\"}}]}]}<\/script>\n<!-- \/ Yoast SEO plugin. -->","builder_content":"<h1>Biodi\u00e9sel<\/h1>\n<h2 style=\"text-align: center;\">La energ\u00eda pura y responsable que mueve al mundo<\/h2>\n<p>El biodi\u00e9sel es un biorresiduo cuyo resultante nos da la mejor alternativa para reemplazar al gasoil tradicional en forma total o parcial. Se obtiene a trav\u00e9s de un proceso denominado Transesterificaci\u00f3n, a partir de aceites usados de cocina, oleinas y grasas animales de segundo uso.<\/p> <p>El biodi\u00e9sel se presenta como una alternativa ecol\u00f3gica para la impulsi\u00f3n de motores diesel. A utilizar este tipo de combustible, se contribuye a disminuir la emisi\u00f3n de CO2 y por consiguiente, favorecer la desaceleraci\u00f3n del calentamiento global del planeta. El biodi\u00e9sel es progresar sin poner en riesgo el suministro energ\u00e9tico de las pr\u00f3ximas generaciones.<\/p>\n<h3>\u00bfQu\u00e9 beneficios ofrece el biodi\u00e9sel?<\/h3> <p>En Biocom Energ\u00eda reducimos un 87.5% respecto al combustible f\u00f3sil, esto supone 200.000 toneladas de emisiones de CO2 que evitamos que salgan a la atm\u00f3sfera. Esto se traduce en:<\/p> <ul> <li>Menos emisiones contaminantes<\/li> <li>Respirar un aire m\u00e1s puro<\/li> <li>Mayor rendimiento y mejor lubricidad\u00a0<\/li> <li>Mayor Limpieza<\/li> <\/ul>\n<h3>Los beneficios ambientales de BIOCOM ENERG\u00cdA, en cifra<\/h3> <ul> <li>52% menos de part\u00edculas contaminantes.<\/li> <li>hidrocarburos arom\u00e1ticos.<\/li> <li>63% menos de hidrocarburos inquemados.<\/li> <li>22%menos de CO porque el biodi\u00e9sel es m\u00e1s oxigenado.<\/li> <li>87,5% menos de CO2.<\/li> <\/ul>","_links":{"self":[{"href":"https:\/\/biocomenergia.com\/en\/wp-json\/wp\/v2\/pages\/229"}],"collection":[{"href":"https:\/\/biocomenergia.com\/en\/wp-json\/wp\/v2\/pages"}],"about":[{"href":"https:\/\/biocomenergia.com\/en\/wp-json\/wp\/v2\/types\/page"}],"author":[{"embeddable":true,"href":"https:\/\/biocomenergia.com\/en\/wp-json\/wp\/v2\/users\/1"}],"replies":[{"embeddable":true,"href":"https:\/\/biocomenergia.com\/en\/wp-json\/wp\/v2\/comments?post=229"}],"version-history":[{"count":41,"href":"https:\/\/biocomenergia.com\/en\/wp-json\/wp\/v2\/pages\/229\/revisions"}],"predecessor-version":[{"id":560,"href":"https:\/\/biocomenergia.com\/en\/wp-json\/wp\/v2\/pages\/229\/revisions\/560"}],"wp:attachment":[{"href":"https:\/\/biocomenergia.com\/en\/wp-json\/wp\/v2\/media?parent=229"}],"curies":[{"name":"wp","href":"https:\/\/api.w.org\/{rel}","templated":true}]}}